{"id":2620,"date":"2025-11-03T14:49:41","date_gmt":"2025-11-03T13:49:41","guid":{"rendered":"https:\/\/darwie.com\/?page_id=2620"},"modified":"2025-11-03T14:57:50","modified_gmt":"2025-11-03T13:57:50","slug":"politique-de-confidentialite","status":"publish","type":"page","link":"https:\/\/darwie.com\/index.php\/politique-de-confidentialite\/","title":{"rendered":"politique de confidentialit\u00e9"},"content":{"rendered":"\t\t<div data-elementor-type=\"wp-page\" data-elementor-id=\"2620\" class=\"elementor elementor-2620\">\n\t\t\t\t<div class=\"elementor-element elementor-element-ac4e962 e-flex e-con-boxed e-con e-parent\" data-id=\"ac4e962\" data-element_type=\"container\" data-e-type=\"container\" data-settings=\"{&quot;background_background&quot;:&quot;gradient&quot;}\">\n\t\t\t\t\t<div class=\"e-con-inner\">\n\t\t\t\t<div class=\"elementor-element elementor-element-2ce8009 elementor-widget elementor-widget-heading\" data-id=\"2ce8009\" data-element_type=\"widget\" data-e-type=\"widget\" data-widget_type=\"heading.default\">\n\t\t\t\t<div class=\"elementor-widget-container\">\n\t\t\t\t\t<h1 class=\"elementor-heading-title elementor-size-default\">politique de confidentialit\u00e9<\/h1>\t\t\t\t<\/div>\n\t\t\t\t<\/div>\n\t\t\t\t\t<\/div>\n\t\t\t\t<\/div>\n\t\t<div class=\"elementor-element elementor-element-69c9de7 e-flex e-con-boxed e-con e-parent\" data-id=\"69c9de7\" data-element_type=\"container\" data-e-type=\"container\">\n\t\t\t\t\t<div class=\"e-con-inner\">\n\t\t\t\t<div class=\"elementor-element elementor-element-09a4985 elementor-widget elementor-widget-text-editor\" data-id=\"09a4985\" data-element_type=\"widget\" data-e-type=\"widget\" data-widget_type=\"text-editor.default\">\n\t\t\t\t<div class=\"elementor-widget-container\">\n\t\t\t\t\t\t\t\t\t<p dir=\"ltr\" style=\"text-align: justify; line-height: 1.38; margin-top: 0pt; margin-bottom: 0pt;\"><span style=\"text-align: start; white-space-collapse: preserve;\"><span style=\"color: #000000; font-family: Calibri, sans-serif;\">Cette politique de confidentialit\u00e9 explique comment Darwie (\u00ab nous \u00bb, \u00ab notre \u00bb, \u00ab la soci\u00e9t\u00e9 \u00bb) collecte, utilise et prot\u00e8ge vos informations personnelles lorsque vous visitez notre site internet (https:\/\/darwie.com) ou utilisez notre application de prise de mesures.<\/span><\/span><\/p><p><span style=\"color: #000000; font-family: Calibri, sans-serif;\">\u00a0<\/span><\/p><p><span style=\"color: #000000; font-family: Calibri, sans-serif;\">Cette politique est conforme au R\u00e8glement g\u00e9n\u00e9ral sur la protection des donn\u00e9es (RGPD) et aux lois fran\u00e7aises sur la protection des donn\u00e9es personnelles.<\/span><\/p><p dir=\"ltr\" style=\"text-align: justify; line-height: 1.38; margin-top: 0pt; margin-bottom: 0pt;\"><span style=\"color: #000000; font-family: Calibri, sans-serif; font-size: 12pt; white-space-collapse: preserve;\">\u00a0<\/span><\/p><h3 style=\"line-height: 1.3800000000000001; text-align: justify; margin-top: 0pt; margin-bottom: 0pt;\"><span style=\"font-size: 18pt; font-family: Calibri,sans-serif; color: #000000; background-color: transparent; font-weight: bold; font-style: normal; font-variant: normal; text-decoration: none; vertical-align: baseline; white-space: pre-wrap;\">\u00c9dition du site\u00a0<\/span><\/h3><p dir=\"ltr\" style=\"line-height: 1.3800000000000001; text-align: justify; margin-top: 0pt; margin-bottom: 0pt;\"><span style=\"background-color: transparent; color: #000000; font-family: Calibri, sans-serif; font-size: 12pt; white-space-collapse: preserve; text-indent: 36pt;\">Le pr\u00e9sent site, accessible \u00e0 l\u2019URL www.darwie.com (le \u00ab Site \u00bb), est \u00e9dit\u00e9 par :<\/span><\/p><p dir=\"ltr\" style=\"line-height: 1.3800000000000001; text-align: justify; margin-top: 0pt; margin-bottom: 0pt;\"><span style=\"font-size: 1rem; font-style: inherit; font-weight: var( --e-global-typography-text-font-weight ); text-indent: 48px; color: #000000; font-family: Calibri, sans-serif; white-space-collapse: preserve; background-color: var(--ast-global-color-5);\">SASU DARWIE, 97 All\u00e9e Th\u00e9odore Monod, Technopole Izarbel, Estia 2, 64210 Bidart<\/span><span style=\"font-size: 12pt; font-style: inherit; font-weight: inherit; text-indent: 48px; background-color: transparent; color: #000000; font-family: Calibri, sans-serif; white-space-collapse: preserve;\">\u00a0<\/span><\/p><p dir=\"ltr\" style=\"line-height: 1.3800000000000001; text-align: justify; margin-top: 0pt; margin-bottom: 0pt;\"><span style=\"font-size: 12pt; font-style: inherit; font-weight: inherit; text-indent: 48px; background-color: transparent; color: #000000; font-family: Calibri, sans-serif; white-space-collapse: preserve;\">\u00a0<\/span><\/p><h3 style=\"text-align: justify; line-height: 1.38; margin-top: 0pt; margin-bottom: 0pt;\"><span style=\"text-align: start; font-size: 24px; white-space-collapse: preserve;\"><span style=\"color: #000000; font-family: Calibri, sans-serif;\"><b>Donn\u00e9es personnelles collect\u00e9es<\/b><\/span><\/span><span style=\"background-color: transparent; color: #000000; font-family: Calibri, sans-serif; font-size: 12pt; white-space-collapse: preserve; font-style: inherit; font-weight: inherit;\">\u00a0<\/span><\/h3><p dir=\"ltr\" style=\"line-height: 1.3800000000000001; text-align: justify; margin-top: 0pt; margin-bottom: 0pt;\"><span style=\"color: #000000; font-family: Calibri, sans-serif;\"><span style=\"white-space-collapse: preserve;\"><strong>Sur le site internet<\/strong> : <\/span><\/span><\/p><p dir=\"ltr\" style=\"line-height: 1.3800000000000001; text-align: justify; margin-top: 0pt; margin-bottom: 0pt;\"><span style=\"color: #000000; font-family: Calibri, sans-serif;\"><span style=\"white-space-collapse: preserve;\">Via le formulaire de contact : <\/span><\/span><\/p><ul><li dir=\"ltr\" style=\"line-height: 1.38; text-align: justify;\"><span style=\"color: #000000; font-family: Calibri, sans-serif;\"><span style=\"white-space-collapse: preserve;\">Pr\u00e9nom<\/span><\/span><\/li><li dir=\"ltr\" style=\"line-height: 1.38; text-align: justify;\"><span style=\"color: #000000; font-family: Calibri, sans-serif;\"><span style=\"white-space-collapse: preserve;\">Nom <\/span><\/span><\/li><li dir=\"ltr\" style=\"line-height: 1.38; text-align: justify;\"><span style=\"color: #000000; font-family: Calibri, sans-serif;\"><span style=\"white-space-collapse: preserve;\">Nom de l\u2019entreprise Fonction occup\u00e9e (facultatif) <\/span><\/span><\/li><li dir=\"ltr\" style=\"line-height: 1.38; text-align: justify;\"><span style=\"color: #000000; font-family: Calibri, sans-serif;\"><span style=\"white-space-collapse: preserve;\">Adresse email <\/span><\/span><\/li><li dir=\"ltr\" style=\"line-height: 1.38; text-align: justify;\"><span style=\"color: #000000; font-family: Calibri, sans-serif;\"><span style=\"white-space-collapse: preserve;\">T\u00e9l\u00e9phone (facultatif) <\/span><\/span><\/li><li dir=\"ltr\" style=\"line-height: 1.38; text-align: justify;\"><span style=\"color: #000000; font-family: Calibri, sans-serif;\"><span style=\"white-space-collapse: preserve;\">Sujet et message <\/span><\/span><\/li><\/ul><p><span style=\"color: #000000; font-family: Calibri, sans-serif;\"><span style=\"white-space-collapse: preserve;\">Donn\u00e9es techniques : <\/span><\/span><\/p><ul><li><span style=\"color: #000000; font-family: Calibri, sans-serif;\"><span style=\"white-space-collapse: preserve;\">Cloudflare Turnstile (protection anti-spam)<\/span><\/span><\/li><li><span style=\"color: #000000; font-family: Calibri, sans-serif;\"><span style=\"white-space-collapse: preserve;\">CookieYes (gestion du consentement)<\/span><\/span><\/li><li><span style=\"color: #000000; font-family: Calibri, sans-serif;\"><span style=\"white-space-collapse: preserve;\">Elementor (stockage local anonyme, non transmis) <\/span><\/span><\/li><li><span style=\"color: #000000; font-family: Calibri, sans-serif;\"><span style=\"white-space-collapse: preserve;\">Cookies tiers (LinkedIn), uniquement si vous y avez consenti<\/span><\/span><\/li><\/ul><h3><b>Finalit\u00e9 du traitement<\/b><\/h3><ul><li>R\u00e9pondre \u00e0 vos messages via le formulaire de contact<\/li><li>Assurer la s\u00e9curit\u00e9 du site (anti-spam, protection bot)<\/li><li>G\u00e9rer vos pr\u00e9f\u00e9rences de cookies<\/li><li>Fournir un service de semelles personnalis\u00e9es via l\u2019application<\/li><li>Am\u00e9liorer nos outils d\u2019analyse et notre service (de mani\u00e8re anonymis\u00e9e et uniquement avec votre consentement explicite)<\/li><\/ul><h3>Base l\u00e9gale du traitement<\/h3><ul><li>Int\u00e9r\u00eat l\u00e9gitime pour r\u00e9pondre \u00e0 vos demandes (article 6(1)(f) RGPD)<\/li><li>Consentement explicite pour le traitement des photos dans l\u2019application et les cookies non essentiels (article 6(1)(a) RGPD)<\/li><li>Obligations l\u00e9gales, si n\u00e9cessaire (article 6(1)(c) RGPD)<\/li><\/ul><h3>Destinataires des donn\u00e9es<\/h3><ul><li>\u00c9quipe interne de Darwie (personnel habilit\u00e9 uniquement)<\/li><li>Prestataires techniques :<ul><li>Hostinger (h\u00e9bergement)<\/li><li>Cloudflare (s\u00e9curit\u00e9)<\/li><li>CookieYes (gestion des consentements)<\/li><li>LinkedIn, si vous acceptez les cookies tiers<\/li><\/ul><\/li><\/ul><p>Tous les prestataires sont soumis \u00e0 des engagements de confidentialit\u00e9 et de conformit\u00e9 RGPD.<\/p><h3>Dur\u00e9e de conservation<\/h3><p>Formulaire de contact : conservation pendant 3 ans maximum apr\u00e8s la derni\u00e8re interaction<\/p><p>Vous pouvez demander la suppression de vos donn\u00e9es \u00e0 tout moment<\/p><p>(voir section 7).<\/p><h3>Vos droits<\/h3><p>Vous pouvez exercer les droits suivants :<\/p><ul><li>Acc\u00e8s \u00e0 vos donn\u00e9es<\/li><li>Rectification<\/li><li>Suppression<\/li><li>Opposition<\/li><li>Limitation<\/li><li>Portabilit\u00e9<\/li><\/ul><p>Envoyez votre demande \u00e0 : contact@darwie.com<\/p><h3>Cookies<\/h3><p>Notre site utilise des cookies :<\/p><ul><li>N\u00e9cessaires au fonctionnement (non soumis \u00e0 consentement)<\/li><li>Fonctionnels \/ tiers (ex. LinkedIn), activ\u00e9s uniquement avec votre accord<\/li><\/ul><p>Vos pr\u00e9f\u00e9rences peuvent \u00eatre modifi\u00e9es \u00e0 tout moment via le bandeau CookieYes ou les param\u00e8tres de votre navigateur.<\/p><p><strong>Derni\u00e8re mise \u00e0 jour<\/strong> : 03 Octobre 2025<\/p>\t\t\t\t\t\t\t\t<\/div>\n\t\t\t\t<\/div>\n\t\t\t\t\t<\/div>\n\t\t\t\t<\/div>\n\t\t<div class=\"elementor-element elementor-element-b5960e7 e-flex e-con-boxed e-con e-parent\" data-id=\"b5960e7\" data-element_type=\"container\" data-e-type=\"container\">\n\t\t\t\t\t<div class=\"e-con-inner\">\n\t\t\t\t<div class=\"elementor-element elementor-element-a993a20 elementor-widget elementor-widget-button\" data-id=\"a993a20\" data-element_type=\"widget\" data-e-type=\"widget\" data-widget_type=\"button.default\">\n\t\t\t\t<div class=\"elementor-widget-container\">\n\t\t\t\t\t\t\t\t\t<div class=\"elementor-button-wrapper\">\n\t\t\t\t\t<a class=\"elementor-button elementor-button-link elementor-size-sm\" href=\"https:\/\/darwie.com\/\">\n\t\t\t\t\t\t<span class=\"elementor-button-content-wrapper\">\n\t\t\t\t\t\t\t\t\t<span class=\"elementor-button-text\">Revenir \u00e0 la page d'accueil<\/span>\n\t\t\t\t\t<\/span>\n\t\t\t\t\t<\/a>\n\t\t\t\t<\/div>\n\t\t\t\t\t\t\t\t<\/div>\n\t\t\t\t<\/div>\n\t\t\t\t\t<\/div>\n\t\t\t\t<\/div>\n\t\t\t\t<\/div>\n\t\t","protected":false},"excerpt":{"rendered":"<p>politique de confidentialit\u00e9 Cette politique de confidentialit\u00e9 explique comment Darwie (\u00ab nous \u00bb, \u00ab notre \u00bb, \u00ab la soci\u00e9t\u00e9 \u00bb) [&hellip;]<\/p>\n","protected":false},"author":1,"featured_media":0,"parent":0,"menu_order":0,"comment_status":"closed","ping_status":"closed","template":"","meta":{"om_disable_all_campaigns":false,"_monsterinsights_skip_tracking":false,"_monsterinsights_sitenote_active":false,"_monsterinsights_sitenote_note":"","_monsterinsights_sitenote_category":0,"site-sidebar-layout":"no-sidebar","site-content-layout":"","ast-site-content-layout":"full-width-container","site-content-style":"default","site-sidebar-style":"default","ast-global-header-display":"","ast-banner-title-visibility":"","ast-main-header-display":"","ast-hfb-above-header-display":"","ast-hfb-below-header-display":"","ast-hfb-mobile-header-display":"","site-post-title":"disabled","ast-breadcrumbs-content":"","ast-featured-img":"disabled","footer-sml-layout":"","ast-disable-related-posts":"","theme-transparent-header-meta":"","adv-header-id-meta":"","stick-header-meta":"","header-above-stick-meta":"","header-main-stick-meta":"","header-below-stick-meta":"","astra-migrate-meta-layouts":"default","ast-page-background-enabled":"default","ast-page-background-meta":{"desktop":{"background-color":"var(--ast-global-color-4)","background-image":"","background-repeat":"repeat","background-position":"center center","background-size":"auto","background-attachment":"scroll","background-type":"","background-media":"","overlay-type":"","overlay-color":"","overlay-opacity":"","overlay-gradient":""},"tablet":{"background-color":"","background-image":"","background-repeat":"repeat","background-position":"center center","background-size":"auto","background-attachment":"scroll","background-type":"","background-media":"","overlay-type":"","overlay-color":"","overlay-opacity":"","overlay-gradient":""},"mobile":{"background-color":"","background-image":"","background-repeat":"repeat","background-position":"center center","background-size":"auto","background-attachment":"scroll","background-type":"","background-media":"","overlay-type":"","overlay-color":"","overlay-opacity":"","overlay-gradient":""}},"ast-content-background-meta":{"desktop":{"background-color":"var(--ast-global-color-5)","background-image":"","background-repeat":"repeat","background-position":"center center","background-size":"auto","background-attachment":"scroll","background-type":"","background-media":"","overlay-type":"","overlay-color":"","overlay-opacity":"","overlay-gradient":""},"tablet":{"background-color":"var(--ast-global-color-5)","background-image":"","background-repeat":"repeat","background-position":"center center","background-size":"auto","background-attachment":"scroll","background-type":"","background-media":"","overlay-type":"","overlay-color":"","overlay-opacity":"","overlay-gradient":""},"mobile":{"background-color":"var(--ast-global-color-5)","background-image":"","background-repeat":"repeat","background-position":"center center","background-size":"auto","background-attachment":"scroll","background-type":"","background-media":"","overlay-type":"","overlay-color":"","overlay-opacity":"","overlay-gradient":""}},"footnotes":""},"class_list":["post-2620","page","type-page","status-publish","hentry"],"yoast_head":"<!-- This site is optimized with the Yoast SEO plugin v27.4 - https:\/\/yoast.com\/product\/yoast-seo-wordpress\/ -->\n<title>politique de confidentialit\u00e9 - DARWIE<\/title>\n<meta name=\"robots\" content=\"index, follow, max-snippet:-1, max-image-preview:large, max-video-preview:-1\" \/>\n<link rel=\"canonical\" href=\"https:\/\/darwie.com\/index.php\/politique-de-confidentialite\/\" \/>\n<meta property=\"og:locale\" content=\"fr_FR\" \/>\n<meta property=\"og:type\" content=\"article\" \/>\n<meta property=\"og:title\" content=\"politique de confidentialit\u00e9 - DARWIE\" \/>\n<meta property=\"og:description\" content=\"politique de confidentialit\u00e9 Cette politique de confidentialit\u00e9 explique comment Darwie (\u00ab nous \u00bb, \u00ab notre \u00bb, \u00ab la soci\u00e9t\u00e9 \u00bb) [&hellip;]\" \/>\n<meta property=\"og:url\" content=\"https:\/\/darwie.com\/index.php\/politique-de-confidentialite\/\" \/>\n<meta property=\"og:site_name\" content=\"DARWIE\" \/>\n<meta property=\"article:modified_time\" content=\"2025-11-03T13:57:50+00:00\" \/>\n<meta name=\"twitter:card\" content=\"summary_large_image\" \/>\n<meta name=\"twitter:label1\" content=\"Dur\u00e9e de lecture estim\u00e9e\" \/>\n\t<meta name=\"twitter:data1\" content=\"2 minutes\" \/>\n<script type=\"application\/ld+json\" class=\"yoast-schema-graph\">{\"@context\":\"https:\\\/\\\/schema.org\",\"@graph\":[{\"@type\":\"WebPage\",\"@id\":\"https:\\\/\\\/darwie.com\\\/index.php\\\/politique-de-confidentialite\\\/\",\"url\":\"https:\\\/\\\/darwie.com\\\/index.php\\\/politique-de-confidentialite\\\/\",\"name\":\"politique de confidentialit\u00e9 - DARWIE\",\"isPartOf\":{\"@id\":\"https:\\\/\\\/darwie.com\\\/#website\"},\"datePublished\":\"2025-11-03T13:49:41+00:00\",\"dateModified\":\"2025-11-03T13:57:50+00:00\",\"breadcrumb\":{\"@id\":\"https:\\\/\\\/darwie.com\\\/index.php\\\/politique-de-confidentialite\\\/#breadcrumb\"},\"inLanguage\":\"fr-FR\",\"potentialAction\":[{\"@type\":\"ReadAction\",\"target\":[\"https:\\\/\\\/darwie.com\\\/index.php\\\/politique-de-confidentialite\\\/\"]}]},{\"@type\":\"BreadcrumbList\",\"@id\":\"https:\\\/\\\/darwie.com\\\/index.php\\\/politique-de-confidentialite\\\/#breadcrumb\",\"itemListElement\":[{\"@type\":\"ListItem\",\"position\":1,\"name\":\"Accueil\",\"item\":\"https:\\\/\\\/darwie.com\\\/\"},{\"@type\":\"ListItem\",\"position\":2,\"name\":\"politique de confidentialit\u00e9\"}]},{\"@type\":\"WebSite\",\"@id\":\"https:\\\/\\\/darwie.com\\\/#website\",\"url\":\"https:\\\/\\\/darwie.com\\\/\",\"name\":\"DARWIE\",\"description\":\"l&#039;\u00e9co conception, simplement.\",\"publisher\":{\"@id\":\"https:\\\/\\\/darwie.com\\\/#organization\"},\"potentialAction\":[{\"@type\":\"SearchAction\",\"target\":{\"@type\":\"EntryPoint\",\"urlTemplate\":\"https:\\\/\\\/darwie.com\\\/?s={search_term_string}\"},\"query-input\":{\"@type\":\"PropertyValueSpecification\",\"valueRequired\":true,\"valueName\":\"search_term_string\"}}],\"inLanguage\":\"fr-FR\"},{\"@type\":\"Organization\",\"@id\":\"https:\\\/\\\/darwie.com\\\/#organization\",\"name\":\"DARWIE\",\"url\":\"https:\\\/\\\/darwie.com\\\/\",\"logo\":{\"@type\":\"ImageObject\",\"inLanguage\":\"fr-FR\",\"@id\":\"https:\\\/\\\/darwie.com\\\/#\\\/schema\\\/logo\\\/image\\\/\",\"url\":\"https:\\\/\\\/darwie.com\\\/wp-content\\\/uploads\\\/2024\\\/01\\\/Darwie-logo.png\",\"contentUrl\":\"https:\\\/\\\/darwie.com\\\/wp-content\\\/uploads\\\/2024\\\/01\\\/Darwie-logo.png\",\"width\":1080,\"height\":1080,\"caption\":\"DARWIE\"},\"image\":{\"@id\":\"https:\\\/\\\/darwie.com\\\/#\\\/schema\\\/logo\\\/image\\\/\"},\"sameAs\":[\"https:\\\/\\\/www.linkedin.com\\\/company\\\/darwie-circular-design\\\/\"]}]}<\/script>\n<!-- \/ Yoast SEO plugin. -->","yoast_head_json":{"title":"politique de confidentialit\u00e9 - DARWIE","robots":{"index":"index","follow":"follow","max-snippet":"max-snippet:-1","max-image-preview":"max-image-preview:large","max-video-preview":"max-video-preview:-1"},"canonical":"https:\/\/darwie.com\/index.php\/politique-de-confidentialite\/","og_locale":"fr_FR","og_type":"article","og_title":"politique de confidentialit\u00e9 - DARWIE","og_description":"politique de confidentialit\u00e9 Cette politique de confidentialit\u00e9 explique comment Darwie (\u00ab nous \u00bb, \u00ab notre \u00bb, \u00ab la soci\u00e9t\u00e9 \u00bb) [&hellip;]","og_url":"https:\/\/darwie.com\/index.php\/politique-de-confidentialite\/","og_site_name":"DARWIE","article_modified_time":"2025-11-03T13:57:50+00:00","twitter_card":"summary_large_image","twitter_misc":{"Dur\u00e9e de lecture estim\u00e9e":"2 minutes"},"schema":{"@context":"https:\/\/schema.org","@graph":[{"@type":"WebPage","@id":"https:\/\/darwie.com\/index.php\/politique-de-confidentialite\/","url":"https:\/\/darwie.com\/index.php\/politique-de-confidentialite\/","name":"politique de confidentialit\u00e9 - DARWIE","isPartOf":{"@id":"https:\/\/darwie.com\/#website"},"datePublished":"2025-11-03T13:49:41+00:00","dateModified":"2025-11-03T13:57:50+00:00","breadcrumb":{"@id":"https:\/\/darwie.com\/index.php\/politique-de-confidentialite\/#breadcrumb"},"inLanguage":"fr-FR","potentialAction":[{"@type":"ReadAction","target":["https:\/\/darwie.com\/index.php\/politique-de-confidentialite\/"]}]},{"@type":"BreadcrumbList","@id":"https:\/\/darwie.com\/index.php\/politique-de-confidentialite\/#breadcrumb","itemListElement":[{"@type":"ListItem","position":1,"name":"Accueil","item":"https:\/\/darwie.com\/"},{"@type":"ListItem","position":2,"name":"politique de confidentialit\u00e9"}]},{"@type":"WebSite","@id":"https:\/\/darwie.com\/#website","url":"https:\/\/darwie.com\/","name":"DARWIE","description":"l&#039;\u00e9co conception, simplement.","publisher":{"@id":"https:\/\/darwie.com\/#organization"},"potentialAction":[{"@type":"SearchAction","target":{"@type":"EntryPoint","urlTemplate":"https:\/\/darwie.com\/?s={search_term_string}"},"query-input":{"@type":"PropertyValueSpecification","valueRequired":true,"valueName":"search_term_string"}}],"inLanguage":"fr-FR"},{"@type":"Organization","@id":"https:\/\/darwie.com\/#organization","name":"DARWIE","url":"https:\/\/darwie.com\/","logo":{"@type":"ImageObject","inLanguage":"fr-FR","@id":"https:\/\/darwie.com\/#\/schema\/logo\/image\/","url":"https:\/\/darwie.com\/wp-content\/uploads\/2024\/01\/Darwie-logo.png","contentUrl":"https:\/\/darwie.com\/wp-content\/uploads\/2024\/01\/Darwie-logo.png","width":1080,"height":1080,"caption":"DARWIE"},"image":{"@id":"https:\/\/darwie.com\/#\/schema\/logo\/image\/"},"sameAs":["https:\/\/www.linkedin.com\/company\/darwie-circular-design\/"]}]}},"_links":{"self":[{"href":"https:\/\/darwie.com\/index.php\/wp-json\/wp\/v2\/pages\/2620","targetHints":{"allow":["GET"]}}],"collection":[{"href":"https:\/\/darwie.com\/index.php\/wp-json\/wp\/v2\/pages"}],"about":[{"href":"https:\/\/darwie.com\/index.php\/wp-json\/wp\/v2\/types\/page"}],"author":[{"embeddable":true,"href":"https:\/\/darwie.com\/index.php\/wp-json\/wp\/v2\/users\/1"}],"replies":[{"embeddable":true,"href":"https:\/\/darwie.com\/index.php\/wp-json\/wp\/v2\/comments?post=2620"}],"version-history":[{"count":13,"href":"https:\/\/darwie.com\/index.php\/wp-json\/wp\/v2\/pages\/2620\/revisions"}],"predecessor-version":[{"id":2641,"href":"https:\/\/darwie.com\/index.php\/wp-json\/wp\/v2\/pages\/2620\/revisions\/2641"}],"wp:attachment":[{"href":"https:\/\/darwie.com\/index.php\/wp-json\/wp\/v2\/media?parent=2620"}],"curies":[{"name":"wp","href":"https:\/\/api.w.org\/{rel}","templated":true}]}}