{"id":323,"date":"2024-02-15T16:25:11","date_gmt":"2024-02-15T15:25:11","guid":{"rendered":"https:\/\/darwie.com\/?page_id=323"},"modified":"2025-11-03T14:57:48","modified_gmt":"2025-11-03T13:57:48","slug":"mentions-legales","status":"publish","type":"page","link":"https:\/\/darwie.com\/index.php\/mentions-legales\/","title":{"rendered":"Mentions l\u00e9gales"},"content":{"rendered":"\t\t<div data-elementor-type=\"wp-page\" data-elementor-id=\"323\" class=\"elementor elementor-323\">\n\t\t\t\t<div class=\"elementor-element elementor-element-ae07573 e-flex e-con-boxed e-con e-parent\" data-id=\"ae07573\" data-element_type=\"container\" data-e-type=\"container\" data-settings=\"{&quot;background_background&quot;:&quot;gradient&quot;}\">\n\t\t\t\t\t<div class=\"e-con-inner\">\n\t\t\t\t<div class=\"elementor-element elementor-element-dc44c7d elementor-widget elementor-widget-heading\" data-id=\"dc44c7d\" data-element_type=\"widget\" data-e-type=\"widget\" data-widget_type=\"heading.default\">\n\t\t\t\t<div class=\"elementor-widget-container\">\n\t\t\t\t\t<h1 class=\"elementor-heading-title elementor-size-default\">MENTIONS L\u00c9GALES<\/h1>\t\t\t\t<\/div>\n\t\t\t\t<\/div>\n\t\t\t\t\t<\/div>\n\t\t\t\t<\/div>\n\t\t<div class=\"elementor-element elementor-element-1978796 e-flex e-con-boxed e-con e-parent\" data-id=\"1978796\" data-element_type=\"container\" data-e-type=\"container\">\n\t\t\t\t\t<div class=\"e-con-inner\">\n\t\t\t\t<div class=\"elementor-element elementor-element-652240f elementor-widget elementor-widget-text-editor\" data-id=\"652240f\" data-element_type=\"widget\" data-e-type=\"widget\" data-widget_type=\"text-editor.default\">\n\t\t\t\t<div class=\"elementor-widget-container\">\n\t\t\t\t\t\t\t\t\t<p dir=\"ltr\" style=\"line-height: 1.3800000000000001; text-align: justify; margin-top: 0pt; margin-bottom: 0pt;\"><span style=\"font-size: 12pt; font-family: Calibri,sans-serif; color: #000000; background-color: #ffffff; font-weight: 400; font-style: normal; font-variant: normal; text-decoration: none; vertical-align: baseline; white-space: pre-wrap;\">Conform\u00e9ment aux dispositions de la loi n\u00b0 2004-575 du 21 juin 2004 pour la confiance en l&rsquo;\u00e9conomie num\u00e9rique, il est pr\u00e9cis\u00e9 aux utilisateurs du site DARWIE l&rsquo;identit\u00e9 des diff\u00e9rents intervenants dans le cadre de sa r\u00e9alisation et de son suivi.<\/span><\/p><p dir=\"ltr\" style=\"line-height: 1.3800000000000001; text-align: justify; margin-top: 0pt; margin-bottom: 0pt;\"><span style=\"font-size: 12pt; font-family: Calibri,sans-serif; color: #000000; background-color: #ffffff; font-weight: 400; font-style: normal; font-variant: normal; text-decoration: none; vertical-align: baseline; white-space: pre-wrap;\">\u00a0<\/span><\/p><p dir=\"ltr\" style=\"line-height: 1.3800000000000001; text-align: justify; margin-top: 0pt; margin-bottom: 0pt;\"><span style=\"font-size: 18pt; font-family: Calibri,sans-serif; color: #000000; background-color: transparent; font-weight: bold; font-style: normal; font-variant: normal; text-decoration: none; vertical-align: baseline; white-space: pre-wrap;\">\u00c9dition du site\u00a0<\/span><\/p><p dir=\"ltr\" style=\"line-height: 1.3800000000000001; text-align: justify; margin-top: 0pt; margin-bottom: 0pt;\"><span style=\"background-color: transparent; color: #000000; font-family: Calibri, sans-serif; font-size: 12pt; white-space-collapse: preserve; text-indent: 36pt;\">Le pr\u00e9sent site, accessible \u00e0 l\u2019URL www.darwie.com (le \u00ab Site \u00bb), est \u00e9dit\u00e9 par :<\/span><\/p><p dir=\"ltr\" style=\"line-height: 1.3800000000000001; text-align: justify; margin-top: 0pt; margin-bottom: 0pt;\"><span style=\"font-size: 1rem; font-style: inherit; font-weight: var( --e-global-typography-text-font-weight ); text-indent: 48px; color: #000000; font-family: Calibri, sans-serif; white-space-collapse: preserve; background-color: var(--ast-global-color-5);\">SASU DARWIE, 97 All\u00e9e Th\u00e9odore Monod, Technopole Izarbel, Estia 2, 64210 Bidart<\/span><span style=\"font-size: 12pt; font-style: inherit; font-weight: inherit; text-indent: 48px; background-color: transparent; color: #000000; font-family: Calibri, sans-serif; white-space-collapse: preserve;\">\u00a0<\/span><\/p><p dir=\"ltr\" style=\"line-height: 1.3800000000000001; text-align: justify; margin-top: 0pt; margin-bottom: 0pt;\"><span style=\"font-size: 12pt; font-style: inherit; font-weight: inherit; text-indent: 48px; background-color: transparent; color: #000000; font-family: Calibri, sans-serif; white-space-collapse: preserve;\">\u00a0<\/span><\/p><p dir=\"ltr\" style=\"line-height: 1.3800000000000001; text-align: justify; margin-top: 0pt; margin-bottom: 0pt;\"><span style=\"font-size: 18pt; font-family: Calibri,sans-serif; color: #000000; background-color: transparent; font-weight: bold; font-style: normal; font-variant: normal; text-decoration: none; vertical-align: baseline; white-space: pre-wrap;\">H\u00e9bergement<\/span><\/p><p dir=\"ltr\" style=\"line-height: 1.3800000000000001; text-align: justify; margin-top: 0pt; margin-bottom: 0pt;\"><span style=\"background-color: transparent; color: #000000; font-family: Calibri, sans-serif; font-size: 12pt; white-space-collapse: preserve;\">Le site est h\u00e9berg\u00e9 par la soci\u00e9t\u00e9 Hostinger International LTD, situ\u00e9, (contact t\u00e9l\u00e9phonique ou email : https:\/\/www.hostinger.fr\/contact).<\/span><\/p><p dir=\"ltr\" style=\"line-height: 1.3800000000000001; text-align: justify; margin-top: 0pt; margin-bottom: 0pt;\"><span style=\"background-color: transparent; color: #000000; font-family: Calibri, sans-serif; font-size: 12pt; white-space-collapse: preserve;\">\u00a0<\/span><\/p><p dir=\"ltr\" style=\"line-height: 1.3800000000000001; text-align: justify; margin-top: 0pt; margin-bottom: 0pt;\"><span style=\"background-color: transparent; color: #000000; font-family: Calibri, sans-serif; font-size: 12pt; white-space-collapse: preserve;\">\u00a0<\/span><\/p><p><span style=\"background-color: transparent; color: #000000; font-family: Calibri, sans-serif; font-size: 18pt; font-weight: bold; white-space-collapse: preserve; text-align: justify;\">Directeur de publication<br \/><\/span><span style=\"background-color: transparent; color: #000000; font-family: Calibri, sans-serif; font-size: 12pt; white-space-collapse: preserve; text-align: justify;\">Le Directeur de la publication du site est Bixente Demarcq.<\/span><\/p><p dir=\"ltr\" style=\"line-height: 1.3800000000000001; text-align: justify; margin-top: 0pt; margin-bottom: 0pt;\"><span style=\"font-size: 18pt; font-family: Calibri,sans-serif; color: #000000; background-color: transparent; font-weight: bold; font-style: normal; font-variant: normal; text-decoration: none; vertical-align: baseline; white-space: pre-wrap;\">Nous contacter\u00a0<\/span><\/p><p dir=\"ltr\" style=\"line-height: 1.3800000000000001; text-align: justify; margin-top: 0pt; margin-bottom: 0pt;\"><span style=\"background-color: transparent; color: #000000; font-family: Calibri, sans-serif; font-size: 12pt; white-space-collapse: preserve; font-style: inherit; font-weight: inherit;\">Par email\u00a0: contact@darwie.com<\/span><\/p><p dir=\"ltr\" style=\"line-height: 1.3800000000000001; text-align: justify; margin-top: 0pt; margin-bottom: 0pt;\"><span style=\"background-color: transparent; color: #000000; font-family: Calibri, sans-serif; font-size: 12pt; white-space-collapse: preserve;\">Par courrier\u00a0: 97 All\u00e9e Th\u00e9odore Monod, Technopole Izarbel, Estia 2, 64210 Bidart<\/span><\/p><p><b style=\"font-weight: normal;\">\u00a0<\/b><\/p><p dir=\"ltr\" style=\"line-height: 1.3800000000000001; text-align: justify; margin-top: 0pt; margin-bottom: 0pt;\"><span style=\"font-size: 18pt; font-family: Calibri,sans-serif; color: #000000; background-color: transparent; font-weight: bold; font-style: normal; font-variant: normal; text-decoration: none; vertical-align: baseline; white-space: pre-wrap;\">Donn\u00e9es personnelles<\/span><\/p><p dir=\"ltr\" style=\"line-height: 1.3800000000000001; text-align: justify; margin-top: 0pt; margin-bottom: 0pt;\"><span style=\"background-color: transparent; color: #000000; font-family: Calibri, sans-serif; font-size: 12pt; white-space-collapse: preserve;\">Le traitement de vos donn\u00e9es \u00e0 caract\u00e8re personnel est r\u00e9gi par notre Charte du respect de la vie priv\u00e9e, disponible depuis la section \u00ab\u00a0Charte de Protection des Donn\u00e9es Personnelles\u00a0\u00bb, conform\u00e9ment au R\u00e8glement G\u00e9n\u00e9ral sur la Protection des Donn\u00e9es 2016\/679 du 27 avril 2016 (\u00abRGPD\u00bb).<\/span><\/p><p dir=\"ltr\" style=\"line-height: 1.3800000000000001; text-align: justify; margin-top: 0pt; margin-bottom: 0pt;\"><span style=\"background-color: transparent; color: #000000; font-family: Calibri, sans-serif; font-size: 12pt; white-space-collapse: preserve;\"><i>\u00a0<\/i><\/span><\/p><p dir=\"ltr\" style=\"line-height: 1.3800000000000001; text-align: justify; margin-top: 0pt; margin-bottom: 0pt;\"><strong><a href=\"https:\/\/darwie.com\/index.php\/politique-de-confidentialite\/\"><span style=\"background-color: transparent; color: #000000; font-family: Calibri, sans-serif; font-size: 12pt; white-space-collapse: preserve;\">Politique de confidentialit\u00e9<\/span><\/a><\/strong><\/p><p dir=\"ltr\" style=\"font-style: normal; margin-top: 0pt; margin-bottom: 0pt; line-height: 1.38; text-align: justify;\"><span style=\"color: #000000; font-family: Calibri, sans-serif;\"><span style=\"font-size: 24px; white-space-collapse: preserve;\"><b>\u00a0<\/b><\/span><\/span><\/p><p dir=\"ltr\" style=\"font-style: normal; margin-top: 0pt; margin-bottom: 0pt; line-height: 1.38; text-align: justify;\"><span style=\"color: #000000; font-family: Calibri, sans-serif;\"><span style=\"font-size: 24px; white-space-collapse: preserve;\"><b>Cookies<\/b><\/span><\/span><\/p><p dir=\"ltr\" style=\"margin-top: 0pt; margin-bottom: 0pt; line-height: 1.38; text-align: justify; font-style: normal;\"><span style=\"color: #000000; font-family: Calibri, sans-serif;\"><span style=\"white-space-collapse: preserve; font-size: 24px;\"><b>\u00a0<\/b><\/span><\/span><span style=\"color: #000000; font-family: Calibri, sans-serif; white-space-collapse: preserve; font-weight: inherit;\">L&rsquo;utilisation des cookies et \u00e9galement d\u00e9taill\u00e9e dans notre politique de confidentialit\u00e9 <\/span><\/p><p dir=\"ltr\" style=\"margin-top: 0pt; margin-bottom: 0pt; line-height: 1.38; text-align: justify; font-style: normal;\"><span style=\"color: #000000; font-family: Calibri, sans-serif; white-space-collapse: preserve; font-weight: inherit;\">\u00a0<\/span><\/p><p dir=\"ltr\" style=\"font-size: 16px; font-style: normal; font-weight: 400; margin-top: 0pt; margin-bottom: 0pt; line-height: 1.38; text-align: justify;\"><span style=\"color: #000000; font-family: Calibri, sans-serif;\"><span style=\"font-size: 24px; white-space-collapse: preserve;\"><span style=\"font-weight: bold;\">Droit Applicable<\/span><\/span><\/span><\/p><p dir=\"ltr\" style=\"margin-top: 0pt; margin-bottom: 0pt; line-height: 1.38; text-align: justify;\"><span style=\"color: #000000; font-family: Calibri, sans-serif;\"><span style=\"white-space-collapse: preserve;\">Les pr\u00e9sentes mentions l\u00e9gales sont r\u00e9gies par le droit fran\u00e7ais. En cas de litige, les tribunaux comp\u00e9tents seront ceux du ressort du si\u00e8ge social de la soci\u00e9t\u00e9. <\/span><\/span><\/p><div style=\"text-align: justify;\">\u00a0<\/div>\t\t\t\t\t\t\t\t<\/div>\n\t\t\t\t<\/div>\n\t\t\t\t<div class=\"elementor-element elementor-element-1776c35 elementor-widget elementor-widget-button\" data-id=\"1776c35\" data-element_type=\"widget\" data-e-type=\"widget\" data-widget_type=\"button.default\">\n\t\t\t\t<div class=\"elementor-widget-container\">\n\t\t\t\t\t\t\t\t\t<div class=\"elementor-button-wrapper\">\n\t\t\t\t\t<a class=\"elementor-button elementor-button-link elementor-size-sm\" href=\"https:\/\/darwie.com\/\">\n\t\t\t\t\t\t<span class=\"elementor-button-content-wrapper\">\n\t\t\t\t\t\t\t\t\t<span class=\"elementor-button-text\">Revenir \u00e0 la page d'accueil<\/span>\n\t\t\t\t\t<\/span>\n\t\t\t\t\t<\/a>\n\t\t\t\t<\/div>\n\t\t\t\t\t\t\t\t<\/div>\n\t\t\t\t<\/div>\n\t\t\t\t\t<\/div>\n\t\t\t\t<\/div>\n\t\t\t\t<\/div>\n\t\t","protected":false},"excerpt":{"rendered":"<p>MENTIONS L\u00c9GALES Conform\u00e9ment aux dispositions de la loi n\u00b0 2004-575 du 21 juin 2004 pour la confiance en l&rsquo;\u00e9conomie num\u00e9rique, [&hellip;]<\/p>\n","protected":false},"author":1,"featured_media":0,"parent":0,"menu_order":0,"comment_status":"closed","ping_status":"closed","template":"","meta":{"om_disable_all_campaigns":false,"_monsterinsights_skip_tracking":false,"_monsterinsights_sitenote_active":false,"_monsterinsights_sitenote_note":"","_monsterinsights_sitenote_category":0,"site-sidebar-layout":"no-sidebar","site-content-layout":"","ast-site-content-layout":"full-width-container","site-content-style":"default","site-sidebar-style":"default","ast-global-header-display":"","ast-banner-title-visibility":"","ast-main-header-display":"","ast-hfb-above-header-display":"","ast-hfb-below-header-display":"","ast-hfb-mobile-header-display":"","site-post-title":"disabled","ast-breadcrumbs-content":"","ast-featured-img":"disabled","footer-sml-layout":"","ast-disable-related-posts":"","theme-transparent-header-meta":"","adv-header-id-meta":"","stick-header-meta":"","header-above-stick-meta":"","header-main-stick-meta":"","header-below-stick-meta":"","astra-migrate-meta-layouts":"default","ast-page-background-enabled":"default","ast-page-background-meta":{"desktop":{"background-color":"var(--ast-global-color-4)","background-image":"","background-repeat":"repeat","background-position":"center center","background-size":"auto","background-attachment":"scroll","background-type":"","background-media":"","overlay-type":"","overlay-color":"","overlay-opacity":"","overlay-gradient":""},"tablet":{"background-color":"","background-image":"","background-repeat":"repeat","background-position":"center center","background-size":"auto","background-attachment":"scroll","background-type":"","background-media":"","overlay-type":"","overlay-color":"","overlay-opacity":"","overlay-gradient":""},"mobile":{"background-color":"","background-image":"","background-repeat":"repeat","background-position":"center center","background-size":"auto","background-attachment":"scroll","background-type":"","background-media":"","overlay-type":"","overlay-color":"","overlay-opacity":"","overlay-gradient":""}},"ast-content-background-meta":{"desktop":{"background-color":"var(--ast-global-color-5)","background-image":"","background-repeat":"repeat","background-position":"center center","background-size":"auto","background-attachment":"scroll","background-type":"","background-media":"","overlay-type":"","overlay-color":"","overlay-opacity":"","overlay-gradient":""},"tablet":{"background-color":"var(--ast-global-color-5)","background-image":"","background-repeat":"repeat","background-position":"center center","background-size":"auto","background-attachment":"scroll","background-type":"","background-media":"","overlay-type":"","overlay-color":"","overlay-opacity":"","overlay-gradient":""},"mobile":{"background-color":"var(--ast-global-color-5)","background-image":"","background-repeat":"repeat","background-position":"center center","background-size":"auto","background-attachment":"scroll","background-type":"","background-media":"","overlay-type":"","overlay-color":"","overlay-opacity":"","overlay-gradient":""}},"footnotes":""},"class_list":["post-323","page","type-page","status-publish","hentry"],"yoast_head":"<!-- This site is optimized with the Yoast SEO plugin v27.3 - https:\/\/yoast.com\/product\/yoast-seo-wordpress\/ -->\n<title>Mentions l\u00e9gales - DARWIE<\/title>\n<meta name=\"description\" content=\"Retrouvez toutes les informations l\u00e9gales sur notre page d\u00e9di\u00e9e avec notamment les mentions l\u00e9gales du site.\" \/>\n<meta name=\"robots\" content=\"index, follow, max-snippet:-1, max-image-preview:large, max-video-preview:-1\" \/>\n<link rel=\"canonical\" href=\"https:\/\/darwie.com\/index.php\/mentions-legales\/\" \/>\n<meta property=\"og:locale\" content=\"fr_FR\" \/>\n<meta property=\"og:type\" content=\"article\" \/>\n<meta property=\"og:title\" content=\"Mentions l\u00e9gales - DARWIE\" \/>\n<meta property=\"og:description\" content=\"Retrouvez toutes les informations l\u00e9gales sur notre page d\u00e9di\u00e9e avec notamment les mentions l\u00e9gales du site.\" \/>\n<meta property=\"og:url\" content=\"https:\/\/darwie.com\/index.php\/mentions-legales\/\" \/>\n<meta property=\"og:site_name\" content=\"DARWIE\" \/>\n<meta property=\"article:modified_time\" content=\"2025-11-03T13:57:48+00:00\" \/>\n<meta name=\"twitter:card\" content=\"summary_large_image\" \/>\n<meta name=\"twitter:label1\" content=\"Dur\u00e9e de lecture estim\u00e9e\" \/>\n\t<meta name=\"twitter:data1\" content=\"2 minutes\" \/>\n<script type=\"application\/ld+json\" class=\"yoast-schema-graph\">{\"@context\":\"https:\\\/\\\/schema.org\",\"@graph\":[{\"@type\":\"WebPage\",\"@id\":\"https:\\\/\\\/darwie.com\\\/index.php\\\/mentions-legales\\\/\",\"url\":\"https:\\\/\\\/darwie.com\\\/index.php\\\/mentions-legales\\\/\",\"name\":\"Mentions l\u00e9gales - DARWIE\",\"isPartOf\":{\"@id\":\"https:\\\/\\\/darwie.com\\\/#website\"},\"datePublished\":\"2024-02-15T15:25:11+00:00\",\"dateModified\":\"2025-11-03T13:57:48+00:00\",\"description\":\"Retrouvez toutes les informations l\u00e9gales sur notre page d\u00e9di\u00e9e avec notamment les mentions l\u00e9gales du site.\",\"breadcrumb\":{\"@id\":\"https:\\\/\\\/darwie.com\\\/index.php\\\/mentions-legales\\\/#breadcrumb\"},\"inLanguage\":\"fr-FR\",\"potentialAction\":[{\"@type\":\"ReadAction\",\"target\":[\"https:\\\/\\\/darwie.com\\\/index.php\\\/mentions-legales\\\/\"]}]},{\"@type\":\"BreadcrumbList\",\"@id\":\"https:\\\/\\\/darwie.com\\\/index.php\\\/mentions-legales\\\/#breadcrumb\",\"itemListElement\":[{\"@type\":\"ListItem\",\"position\":1,\"name\":\"Accueil\",\"item\":\"https:\\\/\\\/darwie.com\\\/\"},{\"@type\":\"ListItem\",\"position\":2,\"name\":\"Mentions l\u00e9gales\"}]},{\"@type\":\"WebSite\",\"@id\":\"https:\\\/\\\/darwie.com\\\/#website\",\"url\":\"https:\\\/\\\/darwie.com\\\/\",\"name\":\"DARWIE\",\"description\":\"l&#039;\u00e9co conception, simplement.\",\"publisher\":{\"@id\":\"https:\\\/\\\/darwie.com\\\/#organization\"},\"potentialAction\":[{\"@type\":\"SearchAction\",\"target\":{\"@type\":\"EntryPoint\",\"urlTemplate\":\"https:\\\/\\\/darwie.com\\\/?s={search_term_string}\"},\"query-input\":{\"@type\":\"PropertyValueSpecification\",\"valueRequired\":true,\"valueName\":\"search_term_string\"}}],\"inLanguage\":\"fr-FR\"},{\"@type\":\"Organization\",\"@id\":\"https:\\\/\\\/darwie.com\\\/#organization\",\"name\":\"DARWIE\",\"url\":\"https:\\\/\\\/darwie.com\\\/\",\"logo\":{\"@type\":\"ImageObject\",\"inLanguage\":\"fr-FR\",\"@id\":\"https:\\\/\\\/darwie.com\\\/#\\\/schema\\\/logo\\\/image\\\/\",\"url\":\"https:\\\/\\\/darwie.com\\\/wp-content\\\/uploads\\\/2024\\\/01\\\/Darwie-logo.png\",\"contentUrl\":\"https:\\\/\\\/darwie.com\\\/wp-content\\\/uploads\\\/2024\\\/01\\\/Darwie-logo.png\",\"width\":1080,\"height\":1080,\"caption\":\"DARWIE\"},\"image\":{\"@id\":\"https:\\\/\\\/darwie.com\\\/#\\\/schema\\\/logo\\\/image\\\/\"},\"sameAs\":[\"https:\\\/\\\/www.linkedin.com\\\/company\\\/darwie-circular-design\\\/\"]}]}<\/script>\n<!-- \/ Yoast SEO plugin. -->","yoast_head_json":{"title":"Mentions l\u00e9gales - DARWIE","description":"Retrouvez toutes les informations l\u00e9gales sur notre page d\u00e9di\u00e9e avec notamment les mentions l\u00e9gales du site.","robots":{"index":"index","follow":"follow","max-snippet":"max-snippet:-1","max-image-preview":"max-image-preview:large","max-video-preview":"max-video-preview:-1"},"canonical":"https:\/\/darwie.com\/index.php\/mentions-legales\/","og_locale":"fr_FR","og_type":"article","og_title":"Mentions l\u00e9gales - DARWIE","og_description":"Retrouvez toutes les informations l\u00e9gales sur notre page d\u00e9di\u00e9e avec notamment les mentions l\u00e9gales du site.","og_url":"https:\/\/darwie.com\/index.php\/mentions-legales\/","og_site_name":"DARWIE","article_modified_time":"2025-11-03T13:57:48+00:00","twitter_card":"summary_large_image","twitter_misc":{"Dur\u00e9e de lecture estim\u00e9e":"2 minutes"},"schema":{"@context":"https:\/\/schema.org","@graph":[{"@type":"WebPage","@id":"https:\/\/darwie.com\/index.php\/mentions-legales\/","url":"https:\/\/darwie.com\/index.php\/mentions-legales\/","name":"Mentions l\u00e9gales - DARWIE","isPartOf":{"@id":"https:\/\/darwie.com\/#website"},"datePublished":"2024-02-15T15:25:11+00:00","dateModified":"2025-11-03T13:57:48+00:00","description":"Retrouvez toutes les informations l\u00e9gales sur notre page d\u00e9di\u00e9e avec notamment les mentions l\u00e9gales du site.","breadcrumb":{"@id":"https:\/\/darwie.com\/index.php\/mentions-legales\/#breadcrumb"},"inLanguage":"fr-FR","potentialAction":[{"@type":"ReadAction","target":["https:\/\/darwie.com\/index.php\/mentions-legales\/"]}]},{"@type":"BreadcrumbList","@id":"https:\/\/darwie.com\/index.php\/mentions-legales\/#breadcrumb","itemListElement":[{"@type":"ListItem","position":1,"name":"Accueil","item":"https:\/\/darwie.com\/"},{"@type":"ListItem","position":2,"name":"Mentions l\u00e9gales"}]},{"@type":"WebSite","@id":"https:\/\/darwie.com\/#website","url":"https:\/\/darwie.com\/","name":"DARWIE","description":"l&#039;\u00e9co conception, simplement.","publisher":{"@id":"https:\/\/darwie.com\/#organization"},"potentialAction":[{"@type":"SearchAction","target":{"@type":"EntryPoint","urlTemplate":"https:\/\/darwie.com\/?s={search_term_string}"},"query-input":{"@type":"PropertyValueSpecification","valueRequired":true,"valueName":"search_term_string"}}],"inLanguage":"fr-FR"},{"@type":"Organization","@id":"https:\/\/darwie.com\/#organization","name":"DARWIE","url":"https:\/\/darwie.com\/","logo":{"@type":"ImageObject","inLanguage":"fr-FR","@id":"https:\/\/darwie.com\/#\/schema\/logo\/image\/","url":"https:\/\/darwie.com\/wp-content\/uploads\/2024\/01\/Darwie-logo.png","contentUrl":"https:\/\/darwie.com\/wp-content\/uploads\/2024\/01\/Darwie-logo.png","width":1080,"height":1080,"caption":"DARWIE"},"image":{"@id":"https:\/\/darwie.com\/#\/schema\/logo\/image\/"},"sameAs":["https:\/\/www.linkedin.com\/company\/darwie-circular-design\/"]}]}},"_links":{"self":[{"href":"https:\/\/darwie.com\/index.php\/wp-json\/wp\/v2\/pages\/323","targetHints":{"allow":["GET"]}}],"collection":[{"href":"https:\/\/darwie.com\/index.php\/wp-json\/wp\/v2\/pages"}],"about":[{"href":"https:\/\/darwie.com\/index.php\/wp-json\/wp\/v2\/types\/page"}],"author":[{"embeddable":true,"href":"https:\/\/darwie.com\/index.php\/wp-json\/wp\/v2\/users\/1"}],"replies":[{"embeddable":true,"href":"https:\/\/darwie.com\/index.php\/wp-json\/wp\/v2\/comments?post=323"}],"version-history":[{"count":20,"href":"https:\/\/darwie.com\/index.php\/wp-json\/wp\/v2\/pages\/323\/revisions"}],"predecessor-version":[{"id":2638,"href":"https:\/\/darwie.com\/index.php\/wp-json\/wp\/v2\/pages\/323\/revisions\/2638"}],"wp:attachment":[{"href":"https:\/\/darwie.com\/index.php\/wp-json\/wp\/v2\/media?parent=323"}],"curies":[{"name":"wp","href":"https:\/\/api.w.org\/{rel}","templated":true}]}}